{"id":1034,"date":"2024-10-27T13:00:02","date_gmt":"2024-10-27T11:00:02","guid":{"rendered":"http:\/\/www.topinlounastupa.fi\/?page_id=1034"},"modified":"2026-05-10T11:02:21","modified_gmt":"2026-05-10T08:02:21","slug":"ravintola","status":"publish","type":"page","link":"http:\/\/www.topinlounastupa.fi\/?page_id=1034","title":{"rendered":"Lounas Ferrometal(Karhutie 9)"},"content":{"rendered":"<p>Maanantai 11.05.2026<br \/>\nP\u00e4iv\u00e4n kasvikset LG<br \/>\nLihamakaronilaatikko L<br \/>\nLihapy\u00f6ryk\u00e4t L<br \/>\nBroilerileike L<\/p>\n<p>Tiistai 12.05.2026<br \/>\nP\u00e4iv\u00e4n kasvikset LG<br \/>\nUunimakkara LG<br \/>\nSweet chili kana LG<br \/>\nPorsaanleike L<br \/>\nJ\u00c4LK\u0130RUOKA<\/p>\n<p>Keskiviikko 13.05.2026<br \/>\nP\u00e4iv\u00e4n kasvikset LG<br \/>\nPaistettu ahven(Ruotsi)L<br \/>\nKebablihaa M<br \/>\nPorsaan palapaisti MG<br \/>\nJ\u00c4LK\u0130RUOKA <\/p>\n<p>Torstai 14.05.2026<br \/>\nRavintola suljettu!<br \/>\nHelatorstai!<\/p>\n<p>Perjantai 15.05.2026<br \/>\nP\u00e4iv\u00e4n kasvikset LG<br \/>\nKanavarras MG<br \/>\nPippuripihvi(jauheliha)L<br \/>\nPizzap\u00f6yt\u00e4 <\/p>\n","protected":false},"excerpt":{"rendered":"<p>Maanantai 11.05.2026 P\u00e4iv\u00e4n kasvikset LG Lihamakaronilaatikko L Lihapy\u00f6ryk\u00e4t L Broilerileike L Tiistai 12.05.2026 P\u00e4iv\u00e4n kasvikset LG Uunimakkara LG Sweet chili kana LG Porsaanleike L J\u00c4LK\u0130RUOKA Keskiviikko 13.05.2026 P\u00e4iv\u00e4n kasvikset LG Paistettu ahven(Ruotsi)L Kebablihaa M Porsaan palapaisti MG J\u00c4LK\u0130RUOKA Torstai 14.05.2026 Ravintola suljettu! Helatorstai! Perjantai 15.05.2026 P\u00e4iv\u00e4n kasvikset LG Kanavarras MG Pippuripihvi(jauheliha)L Pizzap\u00f6yt\u00e4<\/p>\n","protected":false},"author":2,"featured_media":0,"parent":0,"menu_order":0,"comment_status":"closed","ping_status":"closed","template":"","meta":{"footnotes":""},"class_list":["post-1034","page","type-page","status-publish","hentry"],"_links":{"self":[{"href":"http:\/\/www.topinlounastupa.fi\/index.php?rest_route=\/wp\/v2\/pages\/1034","targetHints":{"allow":["GET"]}}],"collection":[{"href":"http:\/\/www.topinlounastupa.fi\/index.php?rest_route=\/wp\/v2\/pages"}],"about":[{"href":"http:\/\/www.topinlounastupa.fi\/index.php?rest_route=\/wp\/v2\/types\/page"}],"author":[{"embeddable":true,"href":"http:\/\/www.topinlounastupa.fi\/index.php?rest_route=\/wp\/v2\/users\/2"}],"replies":[{"embeddable":true,"href":"http:\/\/www.topinlounastupa.fi\/index.php?rest_route=%2Fwp%2Fv2%2Fcomments&post=1034"}],"version-history":[{"count":201,"href":"http:\/\/www.topinlounastupa.fi\/index.php?rest_route=\/wp\/v2\/pages\/1034\/revisions"}],"predecessor-version":[{"id":1440,"href":"http:\/\/www.topinlounastupa.fi\/index.php?rest_route=\/wp\/v2\/pages\/1034\/revisions\/1440"}],"wp:attachment":[{"href":"http:\/\/www.topinlounastupa.fi\/index.php?rest_route=%2Fwp%2Fv2%2Fmedia&parent=1034"}],"curies":[{"name":"wp","href":"https:\/\/api.w.org\/{rel}","templated":true}]}}