{"id":30,"date":"2019-04-06T11:26:34","date_gmt":"2019-04-06T08:26:34","guid":{"rendered":"http:\/\/www.topinlounastupa.fi\/?page_id=30"},"modified":"2025-12-31T18:44:43","modified_gmt":"2025-12-31T16:44:43","slug":"etusivu","status":"publish","type":"page","link":"https:\/\/www.topinlounastupa.fi\/","title":{"rendered":""},"content":{"rendered":"\n<p>TERVETULOA!<\/p>\n\n\n\n<p>s\u00e4hk\u00f6auton latauspiste l\u00f6ytyy!<\/p>\n\n\n\n<p>Arkisin klo 7.30-14,30<\/p>\n\n\n\n<p>Buffet lounas klo:10:00-14:00<\/p>\n\n\n\n<p>Hinnasto:<\/p>\n\n\n\n<p>Seisomap\u00f6yt\u00e4:13.50<\/p>\n\n\n\n<p>Salaatti p\u00f6yt\u00e4:11.00\u20ac<\/p>\n\n\n\n<p>Take away:12.50\u20ac<\/p>\n\n\n\n<p><\/p>\n\n\n\n<p>Sopimus ruokailuun liittyen ota yst\u00e4v\u00e4llisesti yhteytt\u00e4 puhelimitse tai s\u00e4hk\u00f6postilla!<\/p>\n\n\n\n<p> My\u00f6s pitopalvelu\/yksityistilaisuudet<br> Osoite Ahmatie 2 01900 Nurmij\u00e4rvi<br> Puh:0504319395<br> S\u00e4hk\u00f6posti: bukucula@hotmail.com<\/p>\n\n\n\n<p><\/p>\n\n\n\n<h2 class=\"wp-block-heading\"><\/h2>\n","protected":false},"excerpt":{"rendered":"<p>TERVETULOA! s\u00e4hk\u00f6auton latauspiste l\u00f6ytyy! Arkisin klo 7.30-14,30 Buffet lounas klo:10:00-14:00 Hinnasto: Seisomap\u00f6yt\u00e4:13.50 Salaatti p\u00f6yt\u00e4:11.00\u20ac Take away:12.50\u20ac Sopimus ruokailuun liittyen ota yst\u00e4v\u00e4llisesti yhteytt\u00e4 puhelimitse tai s\u00e4hk\u00f6postilla! My\u00f6s pitopalvelu\/yksityistilaisuudet Osoite Ahmatie 2 01900 Nurmij\u00e4rvi Puh:0504319395 S\u00e4hk\u00f6posti: bukucula@hotmail.com<\/p>\n","protected":false},"author":1,"featured_media":0,"parent":0,"menu_order":0,"comment_status":"closed","ping_status":"closed","template":"","meta":{"footnotes":""},"class_list":["post-30","page","type-page","status-publish","hentry"],"_links":{"self":[{"href":"https:\/\/www.topinlounastupa.fi\/index.php?rest_route=\/wp\/v2\/pages\/30","targetHints":{"allow":["GET"]}}],"collection":[{"href":"https:\/\/www.topinlounastupa.fi\/index.php?rest_route=\/wp\/v2\/pages"}],"about":[{"href":"https:\/\/www.topinlounastupa.fi\/index.php?rest_route=\/wp\/v2\/types\/page"}],"author":[{"embeddable":true,"href":"https:\/\/www.topinlounastupa.fi\/index.php?rest_route=\/wp\/v2\/users\/1"}],"replies":[{"embeddable":true,"href":"https:\/\/www.topinlounastupa.fi\/index.php?rest_route=%2Fwp%2Fv2%2Fcomments&post=30"}],"version-history":[{"count":48,"href":"https:\/\/www.topinlounastupa.fi\/index.php?rest_route=\/wp\/v2\/pages\/30\/revisions"}],"predecessor-version":[{"id":1377,"href":"https:\/\/www.topinlounastupa.fi\/index.php?rest_route=\/wp\/v2\/pages\/30\/revisions\/1377"}],"wp:attachment":[{"href":"https:\/\/www.topinlounastupa.fi\/index.php?rest_route=%2Fwp%2Fv2%2Fmedia&parent=30"}],"curies":[{"name":"wp","href":"https:\/\/api.w.org\/{rel}","templated":true}]}}